{"id":4500,"date":"2020-09-28T14:23:05","date_gmt":"2020-09-28T12:23:05","guid":{"rendered":"https:\/\/bmwvoorelkaar.nl\/home\/"},"modified":"2025-01-29T16:01:24","modified_gmt":"2025-01-29T15:01:24","slug":"home","status":"publish","type":"page","link":"https:\/\/bmwvoorelkaar.nl\/pl\/","title":{"rendered":"Regulamin i postanowienia 2025"},"content":{"rendered":"","protected":false},"excerpt":{"rendered":"","protected":false},"author":1,"featured_media":0,"parent":0,"menu_order":0,"comment_status":"closed","ping_status":"closed","template":"templates\/blog.php","meta":{"_acf_changed":false,"footnotes":""},"class_list":["post-4500","page","type-page","status-publish","hentry"],"acf":[],"yoast_head":"<!-- This site is optimized with the Yoast SEO plugin v27.3 - https:\/\/yoast.com\/product\/yoast-seo-wordpress\/ -->\n<title>Dla r\u00f3wnowagi pomi\u0119dzy prac\u0105 i \u017cyciem prywatnym - BMW Voor Elkaar<\/title>\n<meta name=\"description\" content=\"Pracownik\u00f3w socjalnych mo\u017cna znale\u017a\u0107 w BMW Voor Elkaar BV. Wspieramy pracodawc\u00f3w i pracownik\u00f3w z problemami psychospo\u0142ecznymi.\" \/>\n<meta name=\"robots\" content=\"index, follow, max-snippet:-1, max-image-preview:large, max-video-preview:-1\" \/>\n<link rel=\"canonical\" href=\"https:\/\/bmwvoorelkaar.nl\/pl\/\" \/>\n<meta property=\"og:locale\" content=\"pl_PL\" \/>\n<meta property=\"og:type\" content=\"article\" \/>\n<meta property=\"og:title\" content=\"Dla r\u00f3wnowagi pomi\u0119dzy prac\u0105 i \u017cyciem prywatnym - BMW Voor Elkaar\" \/>\n<meta property=\"og:description\" content=\"Pracownik\u00f3w socjalnych mo\u017cna znale\u017a\u0107 w BMW Voor Elkaar BV. Wspieramy pracodawc\u00f3w i pracownik\u00f3w z problemami psychospo\u0142ecznymi.\" \/>\n<meta property=\"og:url\" content=\"https:\/\/bmwvoorelkaar.nl\/pl\/\" \/>\n<meta property=\"og:site_name\" content=\"BMW Voor Elkaar\" \/>\n<meta property=\"article:modified_time\" content=\"2025-01-29T15:01:24+00:00\" \/>\n<meta name=\"twitter:card\" content=\"summary_large_image\" \/>\n<meta name=\"twitter:label1\" content=\"Szacowany czas czytania\" \/>\n\t<meta name=\"twitter:data1\" content=\"1 minuta\" \/>\n<script type=\"application\/ld+json\" class=\"yoast-schema-graph\">{\"@context\":\"https:\\\/\\\/schema.org\",\"@graph\":[{\"@type\":\"WebPage\",\"@id\":\"https:\\\/\\\/bmwvoorelkaar.nl\\\/pl\\\/\",\"url\":\"https:\\\/\\\/bmwvoorelkaar.nl\\\/pl\\\/\",\"name\":\"Dla r\u00f3wnowagi pomi\u0119dzy prac\u0105 i \u017cyciem prywatnym - BMW Voor Elkaar\",\"isPartOf\":{\"@id\":\"https:\\\/\\\/bmwvoorelkaar.nl\\\/pl\\\/#website\"},\"datePublished\":\"2020-09-28T12:23:05+00:00\",\"dateModified\":\"2025-01-29T15:01:24+00:00\",\"description\":\"Pracownik\u00f3w socjalnych mo\u017cna znale\u017a\u0107 w BMW Voor Elkaar BV. Wspieramy pracodawc\u00f3w i pracownik\u00f3w z problemami psychospo\u0142ecznymi.\",\"breadcrumb\":{\"@id\":\"https:\\\/\\\/bmwvoorelkaar.nl\\\/pl\\\/#breadcrumb\"},\"inLanguage\":\"pl-PL\",\"potentialAction\":[{\"@type\":\"ReadAction\",\"target\":[\"https:\\\/\\\/bmwvoorelkaar.nl\\\/pl\\\/\"]}]},{\"@type\":\"BreadcrumbList\",\"@id\":\"https:\\\/\\\/bmwvoorelkaar.nl\\\/pl\\\/#breadcrumb\",\"itemListElement\":[{\"@type\":\"ListItem\",\"position\":1,\"name\":\"BMW\",\"item\":\"https:\\\/\\\/bmwvoorelkaar.nl\\\/pl\\\/\"},{\"@type\":\"ListItem\",\"position\":2,\"name\":\"Regulamin i postanowienia 2025\"}]},{\"@type\":\"WebSite\",\"@id\":\"https:\\\/\\\/bmwvoorelkaar.nl\\\/pl\\\/#website\",\"url\":\"https:\\\/\\\/bmwvoorelkaar.nl\\\/pl\\\/\",\"name\":\"BMW Voor Elkaar\",\"description\":\"de sociale raadsvrouw\",\"potentialAction\":[{\"@type\":\"SearchAction\",\"target\":{\"@type\":\"EntryPoint\",\"urlTemplate\":\"https:\\\/\\\/bmwvoorelkaar.nl\\\/pl\\\/?s={search_term_string}\"},\"query-input\":{\"@type\":\"PropertyValueSpecification\",\"valueRequired\":true,\"valueName\":\"search_term_string\"}}],\"inLanguage\":\"pl-PL\"}]}<\/script>\n<!-- \/ Yoast SEO plugin. -->","yoast_head_json":{"title":"Dla r\u00f3wnowagi pomi\u0119dzy prac\u0105 i \u017cyciem prywatnym - BMW Voor Elkaar","description":"Pracownik\u00f3w socjalnych mo\u017cna znale\u017a\u0107 w BMW Voor Elkaar BV. Wspieramy pracodawc\u00f3w i pracownik\u00f3w z problemami psychospo\u0142ecznymi.","robots":{"index":"index","follow":"follow","max-snippet":"max-snippet:-1","max-image-preview":"max-image-preview:large","max-video-preview":"max-video-preview:-1"},"canonical":"https:\/\/bmwvoorelkaar.nl\/pl\/","og_locale":"pl_PL","og_type":"article","og_title":"Dla r\u00f3wnowagi pomi\u0119dzy prac\u0105 i \u017cyciem prywatnym - BMW Voor Elkaar","og_description":"Pracownik\u00f3w socjalnych mo\u017cna znale\u017a\u0107 w BMW Voor Elkaar BV. Wspieramy pracodawc\u00f3w i pracownik\u00f3w z problemami psychospo\u0142ecznymi.","og_url":"https:\/\/bmwvoorelkaar.nl\/pl\/","og_site_name":"BMW Voor Elkaar","article_modified_time":"2025-01-29T15:01:24+00:00","twitter_card":"summary_large_image","twitter_misc":{"Szacowany czas czytania":"1 minuta"},"schema":{"@context":"https:\/\/schema.org","@graph":[{"@type":"WebPage","@id":"https:\/\/bmwvoorelkaar.nl\/pl\/","url":"https:\/\/bmwvoorelkaar.nl\/pl\/","name":"Dla r\u00f3wnowagi pomi\u0119dzy prac\u0105 i \u017cyciem prywatnym - BMW Voor Elkaar","isPartOf":{"@id":"https:\/\/bmwvoorelkaar.nl\/pl\/#website"},"datePublished":"2020-09-28T12:23:05+00:00","dateModified":"2025-01-29T15:01:24+00:00","description":"Pracownik\u00f3w socjalnych mo\u017cna znale\u017a\u0107 w BMW Voor Elkaar BV. Wspieramy pracodawc\u00f3w i pracownik\u00f3w z problemami psychospo\u0142ecznymi.","breadcrumb":{"@id":"https:\/\/bmwvoorelkaar.nl\/pl\/#breadcrumb"},"inLanguage":"pl-PL","potentialAction":[{"@type":"ReadAction","target":["https:\/\/bmwvoorelkaar.nl\/pl\/"]}]},{"@type":"BreadcrumbList","@id":"https:\/\/bmwvoorelkaar.nl\/pl\/#breadcrumb","itemListElement":[{"@type":"ListItem","position":1,"name":"BMW","item":"https:\/\/bmwvoorelkaar.nl\/pl\/"},{"@type":"ListItem","position":2,"name":"Regulamin i postanowienia 2025"}]},{"@type":"WebSite","@id":"https:\/\/bmwvoorelkaar.nl\/pl\/#website","url":"https:\/\/bmwvoorelkaar.nl\/pl\/","name":"BMW Voor Elkaar","description":"de sociale raadsvrouw","potentialAction":[{"@type":"SearchAction","target":{"@type":"EntryPoint","urlTemplate":"https:\/\/bmwvoorelkaar.nl\/pl\/?s={search_term_string}"},"query-input":{"@type":"PropertyValueSpecification","valueRequired":true,"valueName":"search_term_string"}}],"inLanguage":"pl-PL"}]}},"_links":{"self":[{"href":"https:\/\/bmwvoorelkaar.nl\/pl\/wp-json\/wp\/v2\/pages\/4500","targetHints":{"allow":["GET"]}}],"collection":[{"href":"https:\/\/bmwvoorelkaar.nl\/pl\/wp-json\/wp\/v2\/pages"}],"about":[{"href":"https:\/\/bmwvoorelkaar.nl\/pl\/wp-json\/wp\/v2\/types\/page"}],"author":[{"embeddable":true,"href":"https:\/\/bmwvoorelkaar.nl\/pl\/wp-json\/wp\/v2\/users\/1"}],"replies":[{"embeddable":true,"href":"https:\/\/bmwvoorelkaar.nl\/pl\/wp-json\/wp\/v2\/comments?post=4500"}],"version-history":[{"count":7,"href":"https:\/\/bmwvoorelkaar.nl\/pl\/wp-json\/wp\/v2\/pages\/4500\/revisions"}],"predecessor-version":[{"id":5891,"href":"https:\/\/bmwvoorelkaar.nl\/pl\/wp-json\/wp\/v2\/pages\/4500\/revisions\/5891"}],"wp:attachment":[{"href":"https:\/\/bmwvoorelkaar.nl\/pl\/wp-json\/wp\/v2\/media?parent=4500"}],"curies":[{"name":"wp","href":"https:\/\/api.w.org\/{rel}","templated":true}]}}